{"id":796,"date":"2018-08-27T17:17:21","date_gmt":"2018-08-27T15:17:21","guid":{"rendered":"https:\/\/www.biofar.fr\/?page_id=796"},"modified":"2024-04-11T12:26:30","modified_gmt":"2024-04-11T10:26:30","slug":"rejoignez-nous","status":"publish","type":"page","link":"https:\/\/www.biofar.fr\/en\/the-company\/rejoignez-nous\/","title":{"rendered":"Join us"},"content":{"rendered":"<h1><strong>JOIN US<\/strong><\/h1>\n\t<p>Read our current recruitment offers here below:<\/p>\n<h2>\n\t\tMarketing and Scientific Product Manager (permanent)\n\t<\/h2>\n\t<p>De formation <strong>Pharmacist<\/strong>, compl\u00e9t\u00e9e par un 3\u00e8me cycle <strong>marketing<\/strong>, bilingue <strong>anglais<\/strong>, vous avez l&rsquo;exp\u00e9rience du <strong>marketing op\u00e9rationnel<\/strong> en pharmacie (merchandising) et aupr\u00e8s du m\u00e9decin. Vous avez le go\u00fbt du scientifique, de la r\u00e9daction et de la formation des \u00e9quipes terrain. D&rsquo;excellente pr\u00e9sentation, dot\u00e9 d&rsquo;un r\u00e9el charisme et du sens de l&rsquo;effort, vous savez relever des <strong>challenges<\/strong>. Nous vous proposons une r\u00e9mun\u00e9ration motivante (fixe et variable) pour ce <strong>CDI<\/strong> bas\u00e9 \u00e0 Rueil-Malmaison. Poste imm\u00e9diatement disponible. Ecrivez-nous vos motivations et adressez-nous votre CV sur recrutement@biofar.fr<\/p>\n<h2>\n\t\tArea Manager (permanent)\n\t<\/h2>\n\t<p>De formation <strong>commerce international,<\/strong> bilingue <strong>anglais<\/strong>, vous avez l&rsquo;exp\u00e9rience de la <strong>prospection<\/strong> et de la <strong>gestion de distributeurs<\/strong> pharma internationaux. Vous connaissez le <strong>marketing international des compl\u00e9ments alimentaires<\/strong>, n\u00e9cessitant des efforts merchandising en pharmacie et un soutien visite m\u00e9dicale actif. Vous avez le go\u00fbt de la <strong>n\u00e9gociation<\/strong>, des salons internationaux, de la formation des \u00e9quipes terrain et du suivi de distributeurs export. D&rsquo;excellente pr\u00e9sentation, dot\u00e9 d&rsquo;un r\u00e9el charisme et du sens de l&rsquo;effort, vous savez relever des <strong>challenges<\/strong>. Nous vous proposons une r\u00e9mun\u00e9ration motivante (fixe et variable) pour ce <strong>CDI<\/strong> bas\u00e9 \u00e0 Rueil-Malmaison et n\u00e9cessitant de multiples d\u00e9placements. Poste imm\u00e9diatement disponible. Territoire \u00e0 d\u00e9finir en fonction de votre profil et de votre exp\u00e9rience. Ecrivez-nous vos motivations et adressez-nous votre CV sur recrutement@biofar.fr<\/p>\n<h2>\n\t\tTrainee Pharmacist (Internship)\n\t<\/h2>\n\t<p>Vous \u00eates \u00e9tudiant en <strong>pharmacies<\/strong> et devez r\u00e9aliser un stage dans <strong>l&rsquo;industrie<\/strong> ? Nous vous proposons un stage dans notre service <strong>Marketing-Scientifique<\/strong> (\u00e9tudes bibliographiques, r\u00e9daction d&rsquo;argumentaires produits, r\u00e9alisation de pr\u00e9sentations graphiques&#8230;). Vous avez un tr\u00e8s bon niveau <strong>d&rsquo;anglais<\/strong> (indispensable), le go\u00fbt du scientifique et du marketing et une bonne ma\u00eetrise des logiciels informatiques, notamment graphiques. D&rsquo;excellente pr\u00e9sentation, dot\u00e9 d&rsquo;un r\u00e9el sens de l&rsquo;effort, vous souhaitez vous int\u00e9grer au sein d&rsquo;une \u00e9quipe performante. Stage imm\u00e9diatement disponible, bas\u00e9 \u00e0 Rueil-Malmaison. Ecrivez-nous vos motivations et adressez-nous votre CV sur recrutement@biofar.fr<\/p>","protected":false},"excerpt":{"rendered":"<p>REJOIGNEZ-NOUS Retrouvez ci-dessous nos offres de recrutement en cours : Chef de produits Marketing-Scientifique (CDI) De formation pharmacien, compl\u00e9t\u00e9e par un 3\u00e8me cycle marketing, bilingue anglais, vous avez l&rsquo;exp\u00e9rience du marketing op\u00e9rationnel en pharmacie (merchandising) et aupr\u00e8s du m\u00e9decin. Vous avez le go\u00fbt du scientifique, de la r\u00e9daction et de la formation des \u00e9quipes terrain.&hellip;<\/p>","protected":false},"author":3,"featured_media":0,"parent":801,"menu_order":30,"comment_status":"closed","ping_status":"closed","template":"","meta":[],"acf":[],"yoast_head":"<!-- This site is optimized with the Yoast SEO plugin v19.1 - https:\/\/yoast.com\/wordpress\/plugins\/seo\/ -->\n<title>Rejoignez-nous - Biofar<\/title>\n<meta name=\"robots\" content=\"index, follow, max-snippet:-1, max-image-preview:large, max-video-preview:-1\" \/>\n<link rel=\"canonical\" href=\"https:\/\/www.biofar.fr\/en\/the-company\/rejoignez-nous\/\" \/>\n<meta property=\"og:locale\" content=\"en_GB\" \/>\n<meta property=\"og:type\" content=\"article\" \/>\n<meta property=\"og:title\" content=\"Rejoignez-nous - Biofar\" \/>\n<meta property=\"og:description\" content=\"REJOIGNEZ-NOUS Retrouvez ci-dessous nos offres de recrutement en cours : Chef de produits Marketing-Scientifique (CDI) De formation pharmacien, compl\u00e9t\u00e9e par un 3\u00e8me cycle marketing, bilingue anglais, vous avez l&rsquo;exp\u00e9rience du marketing op\u00e9rationnel en pharmacie (merchandising) et aupr\u00e8s du m\u00e9decin. Vous avez le go\u00fbt du scientifique, de la r\u00e9daction et de la formation des \u00e9quipes terrain.&hellip;\" \/>\n<meta property=\"og:url\" content=\"https:\/\/www.biofar.fr\/en\/the-company\/rejoignez-nous\/\" \/>\n<meta property=\"og:site_name\" content=\"Biofar\" \/>\n<meta property=\"article:modified_time\" content=\"2024-04-11T10:26:30+00:00\" \/>\n<meta name=\"twitter:card\" content=\"summary_large_image\" \/>\n<meta name=\"twitter:label1\" content=\"Estimated reading time\" \/>\n\t<meta name=\"twitter:data1\" content=\"2 minutes\" \/>\n<script type=\"application\/ld+json\" class=\"yoast-schema-graph\">{\"@context\":\"https:\/\/schema.org\",\"@graph\":[{\"@type\":\"Organization\",\"@id\":\"https:\/\/www.biofar.fr\/#organization\",\"name\":\"Biofar\",\"url\":\"https:\/\/www.biofar.fr\/\",\"sameAs\":[],\"logo\":{\"@type\":\"ImageObject\",\"inLanguage\":\"en-GB\",\"@id\":\"https:\/\/www.biofar.fr\/#\/schema\/logo\/image\/\",\"url\":\"https:\/\/www.biofar.fr\/wp-content\/uploads\/2018\/07\/logo@2x.png\",\"contentUrl\":\"https:\/\/www.biofar.fr\/wp-content\/uploads\/2018\/07\/logo@2x.png\",\"width\":376,\"height\":144,\"caption\":\"Biofar\"},\"image\":{\"@id\":\"https:\/\/www.biofar.fr\/#\/schema\/logo\/image\/\"}},{\"@type\":\"WebSite\",\"@id\":\"https:\/\/www.biofar.fr\/#website\",\"url\":\"https:\/\/www.biofar.fr\/\",\"name\":\"Biofar\",\"description\":\"\",\"publisher\":{\"@id\":\"https:\/\/www.biofar.fr\/#organization\"},\"potentialAction\":[{\"@type\":\"SearchAction\",\"target\":{\"@type\":\"EntryPoint\",\"urlTemplate\":\"https:\/\/www.biofar.fr\/?s={search_term_string}\"},\"query-input\":\"required name=search_term_string\"}],\"inLanguage\":\"en-GB\"},{\"@type\":\"WebPage\",\"@id\":\"https:\/\/www.biofar.fr\/les-laboratoires\/rejoignez-nous\/#webpage\",\"url\":\"https:\/\/www.biofar.fr\/les-laboratoires\/rejoignez-nous\/\",\"name\":\"Rejoignez-nous - Biofar\",\"isPartOf\":{\"@id\":\"https:\/\/www.biofar.fr\/#website\"},\"datePublished\":\"2018-08-27T15:17:21+00:00\",\"dateModified\":\"2024-04-11T10:26:30+00:00\",\"breadcrumb\":{\"@id\":\"https:\/\/www.biofar.fr\/les-laboratoires\/rejoignez-nous\/#breadcrumb\"},\"inLanguage\":\"en-GB\",\"potentialAction\":[{\"@type\":\"ReadAction\",\"target\":[\"https:\/\/www.biofar.fr\/les-laboratoires\/rejoignez-nous\/\"]}]},{\"@type\":\"BreadcrumbList\",\"@id\":\"https:\/\/www.biofar.fr\/les-laboratoires\/rejoignez-nous\/#breadcrumb\",\"itemListElement\":[{\"@type\":\"ListItem\",\"position\":1,\"name\":\"Accueil\",\"item\":\"https:\/\/www.biofar.fr\/\"},{\"@type\":\"ListItem\",\"position\":2,\"name\":\"Les laboratoires\",\"item\":\"https:\/\/www.biofar.fr\/les-laboratoires\/\"},{\"@type\":\"ListItem\",\"position\":3,\"name\":\"Rejoignez-nous\"}]}]}<\/script>\n<!-- \/ Yoast SEO plugin. -->","yoast_head_json":{"title":"Rejoignez-nous - Biofar","robots":{"index":"index","follow":"follow","max-snippet":"max-snippet:-1","max-image-preview":"max-image-preview:large","max-video-preview":"max-video-preview:-1"},"canonical":"https:\/\/www.biofar.fr\/en\/the-company\/rejoignez-nous\/","og_locale":"en_GB","og_type":"article","og_title":"Rejoignez-nous - Biofar","og_description":"REJOIGNEZ-NOUS Retrouvez ci-dessous nos offres de recrutement en cours : Chef de produits Marketing-Scientifique (CDI) De formation pharmacien, compl\u00e9t\u00e9e par un 3\u00e8me cycle marketing, bilingue anglais, vous avez l&rsquo;exp\u00e9rience du marketing op\u00e9rationnel en pharmacie (merchandising) et aupr\u00e8s du m\u00e9decin. Vous avez le go\u00fbt du scientifique, de la r\u00e9daction et de la formation des \u00e9quipes terrain.&hellip;","og_url":"https:\/\/www.biofar.fr\/en\/the-company\/rejoignez-nous\/","og_site_name":"Biofar","article_modified_time":"2024-04-11T10:26:30+00:00","twitter_card":"summary_large_image","twitter_misc":{"Estimated reading time":"2 minutes"},"schema":{"@context":"https:\/\/schema.org","@graph":[{"@type":"Organization","@id":"https:\/\/www.biofar.fr\/#organization","name":"Biofar","url":"https:\/\/www.biofar.fr\/","sameAs":[],"logo":{"@type":"ImageObject","inLanguage":"en-GB","@id":"https:\/\/www.biofar.fr\/#\/schema\/logo\/image\/","url":"https:\/\/www.biofar.fr\/wp-content\/uploads\/2018\/07\/logo@2x.png","contentUrl":"https:\/\/www.biofar.fr\/wp-content\/uploads\/2018\/07\/logo@2x.png","width":376,"height":144,"caption":"Biofar"},"image":{"@id":"https:\/\/www.biofar.fr\/#\/schema\/logo\/image\/"}},{"@type":"WebSite","@id":"https:\/\/www.biofar.fr\/#website","url":"https:\/\/www.biofar.fr\/","name":"Biofar","description":"","publisher":{"@id":"https:\/\/www.biofar.fr\/#organization"},"potentialAction":[{"@type":"SearchAction","target":{"@type":"EntryPoint","urlTemplate":"https:\/\/www.biofar.fr\/?s={search_term_string}"},"query-input":"required name=search_term_string"}],"inLanguage":"en-GB"},{"@type":"WebPage","@id":"https:\/\/www.biofar.fr\/les-laboratoires\/rejoignez-nous\/#webpage","url":"https:\/\/www.biofar.fr\/les-laboratoires\/rejoignez-nous\/","name":"Rejoignez-nous - Biofar","isPartOf":{"@id":"https:\/\/www.biofar.fr\/#website"},"datePublished":"2018-08-27T15:17:21+00:00","dateModified":"2024-04-11T10:26:30+00:00","breadcrumb":{"@id":"https:\/\/www.biofar.fr\/les-laboratoires\/rejoignez-nous\/#breadcrumb"},"inLanguage":"en-GB","potentialAction":[{"@type":"ReadAction","target":["https:\/\/www.biofar.fr\/les-laboratoires\/rejoignez-nous\/"]}]},{"@type":"BreadcrumbList","@id":"https:\/\/www.biofar.fr\/les-laboratoires\/rejoignez-nous\/#breadcrumb","itemListElement":[{"@type":"ListItem","position":1,"name":"Accueil","item":"https:\/\/www.biofar.fr\/"},{"@type":"ListItem","position":2,"name":"Les laboratoires","item":"https:\/\/www.biofar.fr\/les-laboratoires\/"},{"@type":"ListItem","position":3,"name":"Rejoignez-nous"}]}]}},"_links":{"self":[{"href":"https:\/\/www.biofar.fr\/en\/wp-json\/wp\/v2\/pages\/796"}],"collection":[{"href":"https:\/\/www.biofar.fr\/en\/wp-json\/wp\/v2\/pages"}],"about":[{"href":"https:\/\/www.biofar.fr\/en\/wp-json\/wp\/v2\/types\/page"}],"author":[{"embeddable":true,"href":"https:\/\/www.biofar.fr\/en\/wp-json\/wp\/v2\/users\/3"}],"replies":[{"embeddable":true,"href":"https:\/\/www.biofar.fr\/en\/wp-json\/wp\/v2\/comments?post=796"}],"version-history":[{"count":7,"href":"https:\/\/www.biofar.fr\/en\/wp-json\/wp\/v2\/pages\/796\/revisions"}],"predecessor-version":[{"id":1839,"href":"https:\/\/www.biofar.fr\/en\/wp-json\/wp\/v2\/pages\/796\/revisions\/1839"}],"up":[{"embeddable":true,"href":"https:\/\/www.biofar.fr\/en\/wp-json\/wp\/v2\/pages\/801"}],"wp:attachment":[{"href":"https:\/\/www.biofar.fr\/en\/wp-json\/wp\/v2\/media?parent=796"}],"curies":[{"name":"wp","href":"https:\/\/api.w.org\/{rel}","templated":true}]}}