{"id":794,"date":"2018-08-27T17:16:44","date_gmt":"2018-08-27T15:16:44","guid":{"rendered":"https:\/\/www.biofar.fr\/?page_id=794"},"modified":"2022-03-29T10:18:03","modified_gmt":"2022-03-29T08:18:03","slug":"nos-engagements-qualite","status":"publish","type":"page","link":"https:\/\/www.biofar.fr\/en\/the-company\/nos-engagements-qualite\/","title":{"rendered":"Our quality commitments"},"content":{"rendered":"<h1><strong>OUR QUALITY COMMITMENTS<\/strong><\/h1>\n<h2>\n\t\tQUALITY, A KEY VALUE\n\t<\/h2>\n\tLes Laboratoires Biofar consid\u00e8rent que sant\u00e9, bien-\u00eatre et plaisir sont des notions indissociables.<br \/>\nC&rsquo;est pourquoi nous avons d\u00e9velopp\u00e9 des proc\u00e9dures garantissant la <strong>qualit\u00e9<\/strong> des produits, de <strong>leur conception jusqu&rsquo;\u00e0 leur consommation.<\/strong>\nNos \u00e9quipes de Recherche &amp; D\u00e9veloppement, compos\u00e9es de professionnels de sant\u00e9,<br \/>\nd&rsquo;ing\u00e9nieurs, et de scientifiques, sont d\u00e9di\u00e9es \u00e0 la <strong>recherche permanente des meilleures formulations,<br \/>\n<\/strong>afin de vous offrir des produits <strong>efficaces, s\u00fbrs<\/strong>, et les plus <strong>agr\u00e9ables possible<\/strong>.\n<h2>\n\t\t1. SELECT THE BEST INGREDIENTS\n\t<\/h2>\n\tD\u00e9velopper des produits de haute qualit\u00e9 passe d&rsquo;abord par le <strong>the careful selection of ingredients<\/strong>.<br \/>\nGr\u00e2ce \u00e0 l&rsquo;expertise des \u00e9quipes Recherche &amp; D\u00e9veloppement, seuls les <strong>ingredients offering the best <a href=\"https:\/\/www.biofar.fr\/en\/the-company\/notre-expertise\/\">pharmacodynamics and pharmacokinetic properties<\/a><\/strong>, ainsi que la meilleure tol\u00e9rance sont s\u00e9lectionn\u00e9s.\nUn soin particulier est \u00e9galement apport\u00e9 au <strong>choice of salts<\/strong> and <strong>flavours<\/strong>,  thanks to  consumer contribution  guaranteeing the quality of taste of our products.<br \/>\nAvant toute industrialisation d&rsquo;un produit Biofar, les lots pilotes sont fabriqu\u00e9s et <strong>inspected<\/strong> pour certifier qu&rsquo;ils respectent les imp\u00e9ratifs d&rsquo;efficacit\u00e9, de tol\u00e9rance et de plaisir.\n<h2>\n\t\t2. COMPLIANCE WITH LATEST EUROPEAN REGULATORY CONSTRAINTS\n\t<\/h2>\n\t<p>Laboratoires BIOFAR products are formulated in strict compliance with the <strong>the most recent regulatory constraints <\/strong>in Europe, particularly as regards:<\/p>\n<ul>\n<li><strong>choix d&rsquo;actifs<\/strong><\/li>\n<li><strong>sources<\/strong><\/li>\n<li><strong>recommended doses<\/strong><\/li>\n<\/ul>\n<p>Moreover, the <strong>claims<\/strong> made are strictly in accordance with the recommendations of the European authorities.<\/p>\n<h2>\n\t\t3. MANUFACTURE WITH THE HIGHEST QUALITY STANDARDS\n\t<\/h2>\n\tLaboratoires BIOFAR products are manufactured in a <strong>production centre <\/strong>disposant\u00a0d&rsquo;une \u00e9quipe exp\u00e9riment\u00e9e et d&rsquo;un <strong>new generation machinery.<\/strong><br \/>\nCe centre de production est conforme aux standards internationaux de l&rsquo;industrie pharmaceutique et a obtenu <strong>GMP (Good Manufacturing Practice) certification,<\/strong> (Good Manufacturing Practice), norme la plus exigeante s&rsquo;appliquant \u00e0 la fabrication des m\u00e9dicaments.\n<p>La teneur en vitamines des produits Biofar est plac\u00e9e sous le contr\u00f4le permanent de l&rsquo;Institut Suisse des Vitamines, organisme ind\u00e9pendant de r\u00e9f\u00e9rence.<\/p>\n<h2>\n\t\t4. DISTRIBUTE UNDER THE BEST CONDITIONS\n\t<\/h2>\n\t<p>Laboratoires BIOFAR products are exclusively distributed in <strong>pharmacies<\/strong>.<\/p>\n<p>Pour assurer la meilleure qualit\u00e9 de transport et de distribution des produits de l&rsquo;usine au consommateur, nous travaillons avec des <strong>logistic companies as approved by the European authorities<\/strong> (Good Distribution Practice). Products are therefore handled by <strong>experienced staff<\/strong>.<\/p>\n<p>BIOFAR products are stored and transported under ideal temperature and optimised conservation. These procedures ensure <strong>perfect product stability<\/strong> from production centre to consumer.<\/p>","protected":false},"excerpt":{"rendered":"<p>NOS ENGAGEMENTS QUALIT\u00c9 La qualit\u00e9, une valeur cl\u00e9 Les Laboratoires Biofar consid\u00e8rent que sant\u00e9, bien-\u00eatre et plaisir sont des notions indissociables. C&rsquo;est pourquoi nous avons d\u00e9velopp\u00e9 des proc\u00e9dures garantissant la qualit\u00e9 des produits, de leur conception jusqu&rsquo;\u00e0 leur consommation. Nos \u00e9quipes de Recherche &amp; D\u00e9veloppement, compos\u00e9es de professionnels de sant\u00e9, d&rsquo;ing\u00e9nieurs, et de scientifiques, sont&hellip;<\/p>","protected":false},"author":3,"featured_media":0,"parent":801,"menu_order":20,"comment_status":"closed","ping_status":"closed","template":"","meta":[],"acf":[],"yoast_head":"<!-- This site is optimized with the Yoast SEO plugin v19.1 - https:\/\/yoast.com\/wordpress\/plugins\/seo\/ -->\n<title>Nos engagements qualit\u00e9 - Biofar<\/title>\n<meta name=\"robots\" content=\"index, follow, max-snippet:-1, max-image-preview:large, max-video-preview:-1\" \/>\n<link rel=\"canonical\" href=\"https:\/\/www.biofar.fr\/en\/the-company\/nos-engagements-qualite\/\" \/>\n<meta property=\"og:locale\" content=\"en_GB\" \/>\n<meta property=\"og:type\" content=\"article\" \/>\n<meta property=\"og:title\" content=\"Nos engagements qualit\u00e9 - Biofar\" \/>\n<meta property=\"og:description\" content=\"NOS ENGAGEMENTS QUALIT\u00c9 La qualit\u00e9, une valeur cl\u00e9 Les Laboratoires Biofar consid\u00e8rent que sant\u00e9, bien-\u00eatre et plaisir sont des notions indissociables. C&rsquo;est pourquoi nous avons d\u00e9velopp\u00e9 des proc\u00e9dures garantissant la qualit\u00e9 des produits, de leur conception jusqu&rsquo;\u00e0 leur consommation. Nos \u00e9quipes de Recherche &amp; D\u00e9veloppement, compos\u00e9es de professionnels de sant\u00e9, d&rsquo;ing\u00e9nieurs, et de scientifiques, sont&hellip;\" \/>\n<meta property=\"og:url\" content=\"https:\/\/www.biofar.fr\/en\/the-company\/nos-engagements-qualite\/\" \/>\n<meta property=\"og:site_name\" content=\"Biofar\" \/>\n<meta property=\"article:modified_time\" content=\"2022-03-29T08:18:03+00:00\" \/>\n<meta name=\"twitter:card\" content=\"summary_large_image\" \/>\n<meta name=\"twitter:label1\" content=\"Estimated reading time\" \/>\n\t<meta name=\"twitter:data1\" content=\"2 minutes\" \/>\n<script type=\"application\/ld+json\" class=\"yoast-schema-graph\">{\"@context\":\"https:\/\/schema.org\",\"@graph\":[{\"@type\":\"Organization\",\"@id\":\"https:\/\/www.biofar.fr\/#organization\",\"name\":\"Biofar\",\"url\":\"https:\/\/www.biofar.fr\/\",\"sameAs\":[],\"logo\":{\"@type\":\"ImageObject\",\"inLanguage\":\"en-GB\",\"@id\":\"https:\/\/www.biofar.fr\/#\/schema\/logo\/image\/\",\"url\":\"https:\/\/www.biofar.fr\/wp-content\/uploads\/2018\/07\/logo@2x.png\",\"contentUrl\":\"https:\/\/www.biofar.fr\/wp-content\/uploads\/2018\/07\/logo@2x.png\",\"width\":376,\"height\":144,\"caption\":\"Biofar\"},\"image\":{\"@id\":\"https:\/\/www.biofar.fr\/#\/schema\/logo\/image\/\"}},{\"@type\":\"WebSite\",\"@id\":\"https:\/\/www.biofar.fr\/#website\",\"url\":\"https:\/\/www.biofar.fr\/\",\"name\":\"Biofar\",\"description\":\"\",\"publisher\":{\"@id\":\"https:\/\/www.biofar.fr\/#organization\"},\"potentialAction\":[{\"@type\":\"SearchAction\",\"target\":{\"@type\":\"EntryPoint\",\"urlTemplate\":\"https:\/\/www.biofar.fr\/?s={search_term_string}\"},\"query-input\":\"required name=search_term_string\"}],\"inLanguage\":\"en-GB\"},{\"@type\":\"WebPage\",\"@id\":\"https:\/\/www.biofar.fr\/les-laboratoires\/nos-engagements-qualite\/#webpage\",\"url\":\"https:\/\/www.biofar.fr\/les-laboratoires\/nos-engagements-qualite\/\",\"name\":\"Nos engagements qualit\u00e9 - Biofar\",\"isPartOf\":{\"@id\":\"https:\/\/www.biofar.fr\/#website\"},\"datePublished\":\"2018-08-27T15:16:44+00:00\",\"dateModified\":\"2022-03-29T08:18:03+00:00\",\"breadcrumb\":{\"@id\":\"https:\/\/www.biofar.fr\/les-laboratoires\/nos-engagements-qualite\/#breadcrumb\"},\"inLanguage\":\"en-GB\",\"potentialAction\":[{\"@type\":\"ReadAction\",\"target\":[\"https:\/\/www.biofar.fr\/les-laboratoires\/nos-engagements-qualite\/\"]}]},{\"@type\":\"BreadcrumbList\",\"@id\":\"https:\/\/www.biofar.fr\/les-laboratoires\/nos-engagements-qualite\/#breadcrumb\",\"itemListElement\":[{\"@type\":\"ListItem\",\"position\":1,\"name\":\"Accueil\",\"item\":\"https:\/\/www.biofar.fr\/\"},{\"@type\":\"ListItem\",\"position\":2,\"name\":\"Les laboratoires\",\"item\":\"https:\/\/www.biofar.fr\/les-laboratoires\/\"},{\"@type\":\"ListItem\",\"position\":3,\"name\":\"Nos engagements qualit\u00e9\"}]}]}<\/script>\n<!-- \/ Yoast SEO plugin. -->","yoast_head_json":{"title":"Nos engagements qualit\u00e9 - Biofar","robots":{"index":"index","follow":"follow","max-snippet":"max-snippet:-1","max-image-preview":"max-image-preview:large","max-video-preview":"max-video-preview:-1"},"canonical":"https:\/\/www.biofar.fr\/en\/the-company\/nos-engagements-qualite\/","og_locale":"en_GB","og_type":"article","og_title":"Nos engagements qualit\u00e9 - Biofar","og_description":"NOS ENGAGEMENTS QUALIT\u00c9 La qualit\u00e9, une valeur cl\u00e9 Les Laboratoires Biofar consid\u00e8rent que sant\u00e9, bien-\u00eatre et plaisir sont des notions indissociables. C&rsquo;est pourquoi nous avons d\u00e9velopp\u00e9 des proc\u00e9dures garantissant la qualit\u00e9 des produits, de leur conception jusqu&rsquo;\u00e0 leur consommation. Nos \u00e9quipes de Recherche &amp; D\u00e9veloppement, compos\u00e9es de professionnels de sant\u00e9, d&rsquo;ing\u00e9nieurs, et de scientifiques, sont&hellip;","og_url":"https:\/\/www.biofar.fr\/en\/the-company\/nos-engagements-qualite\/","og_site_name":"Biofar","article_modified_time":"2022-03-29T08:18:03+00:00","twitter_card":"summary_large_image","twitter_misc":{"Estimated reading time":"2 minutes"},"schema":{"@context":"https:\/\/schema.org","@graph":[{"@type":"Organization","@id":"https:\/\/www.biofar.fr\/#organization","name":"Biofar","url":"https:\/\/www.biofar.fr\/","sameAs":[],"logo":{"@type":"ImageObject","inLanguage":"en-GB","@id":"https:\/\/www.biofar.fr\/#\/schema\/logo\/image\/","url":"https:\/\/www.biofar.fr\/wp-content\/uploads\/2018\/07\/logo@2x.png","contentUrl":"https:\/\/www.biofar.fr\/wp-content\/uploads\/2018\/07\/logo@2x.png","width":376,"height":144,"caption":"Biofar"},"image":{"@id":"https:\/\/www.biofar.fr\/#\/schema\/logo\/image\/"}},{"@type":"WebSite","@id":"https:\/\/www.biofar.fr\/#website","url":"https:\/\/www.biofar.fr\/","name":"Biofar","description":"","publisher":{"@id":"https:\/\/www.biofar.fr\/#organization"},"potentialAction":[{"@type":"SearchAction","target":{"@type":"EntryPoint","urlTemplate":"https:\/\/www.biofar.fr\/?s={search_term_string}"},"query-input":"required name=search_term_string"}],"inLanguage":"en-GB"},{"@type":"WebPage","@id":"https:\/\/www.biofar.fr\/les-laboratoires\/nos-engagements-qualite\/#webpage","url":"https:\/\/www.biofar.fr\/les-laboratoires\/nos-engagements-qualite\/","name":"Nos engagements qualit\u00e9 - Biofar","isPartOf":{"@id":"https:\/\/www.biofar.fr\/#website"},"datePublished":"2018-08-27T15:16:44+00:00","dateModified":"2022-03-29T08:18:03+00:00","breadcrumb":{"@id":"https:\/\/www.biofar.fr\/les-laboratoires\/nos-engagements-qualite\/#breadcrumb"},"inLanguage":"en-GB","potentialAction":[{"@type":"ReadAction","target":["https:\/\/www.biofar.fr\/les-laboratoires\/nos-engagements-qualite\/"]}]},{"@type":"BreadcrumbList","@id":"https:\/\/www.biofar.fr\/les-laboratoires\/nos-engagements-qualite\/#breadcrumb","itemListElement":[{"@type":"ListItem","position":1,"name":"Accueil","item":"https:\/\/www.biofar.fr\/"},{"@type":"ListItem","position":2,"name":"Les laboratoires","item":"https:\/\/www.biofar.fr\/les-laboratoires\/"},{"@type":"ListItem","position":3,"name":"Nos engagements qualit\u00e9"}]}]}},"_links":{"self":[{"href":"https:\/\/www.biofar.fr\/en\/wp-json\/wp\/v2\/pages\/794"}],"collection":[{"href":"https:\/\/www.biofar.fr\/en\/wp-json\/wp\/v2\/pages"}],"about":[{"href":"https:\/\/www.biofar.fr\/en\/wp-json\/wp\/v2\/types\/page"}],"author":[{"embeddable":true,"href":"https:\/\/www.biofar.fr\/en\/wp-json\/wp\/v2\/users\/3"}],"replies":[{"embeddable":true,"href":"https:\/\/www.biofar.fr\/en\/wp-json\/wp\/v2\/comments?post=794"}],"version-history":[{"count":11,"href":"https:\/\/www.biofar.fr\/en\/wp-json\/wp\/v2\/pages\/794\/revisions"}],"predecessor-version":[{"id":1719,"href":"https:\/\/www.biofar.fr\/en\/wp-json\/wp\/v2\/pages\/794\/revisions\/1719"}],"up":[{"embeddable":true,"href":"https:\/\/www.biofar.fr\/en\/wp-json\/wp\/v2\/pages\/801"}],"wp:attachment":[{"href":"https:\/\/www.biofar.fr\/en\/wp-json\/wp\/v2\/media?parent=794"}],"curies":[{"name":"wp","href":"https:\/\/api.w.org\/{rel}","templated":true}]}}